{"id":1138,"date":"2018-11-06T13:25:42","date_gmt":"2018-11-06T13:25:42","guid":{"rendered":"http:\/\/localhost\/themeforest\/themes\/lovetravel\/?page_id=1138"},"modified":"2023-06-15T21:23:05","modified_gmt":"2023-06-15T21:23:05","slug":"qui-sommes-nous","status":"publish","type":"page","link":"https:\/\/executivetravelmaroc.com\/index.php\/qui-sommes-nous\/","title":{"rendered":"Qui Sommes-nous ?"},"content":{"rendered":"<p>[vc_row content_placement=\u00a0\u00bbmiddle\u00a0\u00bb][vc_column width=\u00a0\u00bb1\/2&Prime; css=\u00a0\u00bb.vc_custom_1467360650255{margin-top: 10px !important;margin-bottom: 10px !important;padding-top: 0px !important;padding-right: 40px !important;}\u00a0\u00bb]<div style=\"background-color:;height: 10px\" class=\"nicdark_section  \"><\/div> <h1 style=\"color:;padding:px;text-align:right;font-size:40px;line-height:60px;letter-spacing: 0px;font-weight:bold\" class=\"  nd_options_text_align_center_responsive_important nd_options_first_font \">Votre agence de voyage sp\u00e9cialis\u00e9e dans la location de jet priv\u00e9, limousine et h\u00e9licopt\u00e8re \u00e0 Marrakech.<\/h1> [vc_column_text]Nous sommes fiers de vous offrir une exp\u00e9rience de voyage luxueuse et personnalis\u00e9e, o\u00f9 chaque d\u00e9tail est soigneusement orchestr\u00e9 pour r\u00e9pondre \u00e0 vos besoins et surpasser vos attentes. Que vous voyagiez pour des affaires ou pour le plaisir, nous mettons tout en \u0153uvre pour rendre votre voyage aussi confortable, pratique et m\u00e9morable que possible.[\/vc_column_text][vc_column_text]Chez Executive Travel Maroc, nous comprenons l&rsquo;importance de votre temps et de votre confort. C&rsquo;est pourquoi nous mettons \u00e0 votre disposition une flotte de jets priv\u00e9s modernes et \u00e9l\u00e9gants, vous permettant de voyager en toute intimit\u00e9 et en toute tranquillit\u00e9. Nos pilotes exp\u00e9riment\u00e9s vous garantissent des vols s\u00fbrs et agr\u00e9ables, tandis que notre \u00e9quipe d\u00e9vou\u00e9e se charge de tous les aspects logistiques pour que vous puissiez vous concentrer sur votre voyage.[\/vc_column_text][vc_btn title=\u00a0\u00bbContactez-nous\u00a0\u00bb color=\u00a0\u00bbinfo\u00a0\u00bb align=\u00a0\u00bbcenter\u00a0\u00bb link=\u00a0\u00bburl:https%3A%2F%2Fexecutivetravelmaroc.com%2Findex.php%2Fcontact%2F|title:Contactez-nous\u00a0\u00bb][\/vc_column][vc_column width=\u00a0\u00bb1\/2&Prime;][vc_single_image image=\u00a0\u00bb1982&Prime; img_size=\u00a0\u00bbLARGE\u00a0\u00bb][\/vc_column][\/vc_row][vc_row equal_height=\u00a0\u00bbyes\u00a0\u00bb css=\u00a0\u00bb.vc_custom_1686864044006{margin-top: 30px !important;}\u00a0\u00bb][vc_column width=\u00a0\u00bb1\/3&Prime;]<div style=\"background-color:;height: 10px\" class=\"nicdark_section  \"><\/div>\n\n  <!--START team-->\n  <div class=\"nd_options_section nd_options_border_1_solid_grey  nd_options_text_align_center nd_options_team_element \">\n\n      <div style=\"background-color:#000000\" class=\"nd_options_section nd_options_padding_20 nd_options_box_sizing_border_box\">\n          <h4 class=\"nd_options_color_white\">Service Personnalis\u00e9<\/h4>\n      <\/div>\n\n      <img decoding=\"async\" class=\"nd_options_section\" alt=\"\" src=\"https:\/\/executivetravelmaroc.com\/wp-content\/uploads\/2023\/06\/airport-1024x683.jpeg\">\n\n       <div style=\"background-color:#000000\" class=\"nd_options_section nd_options_padding_20 nd_options_box_sizing_border_box\">\n          <h5 class=\"nd_options_color_white\"><\/h5>\n      <\/div>\n      \n      <div class=\"nd_options_section\">\n          <div class=\"nd_options_section nd_options_padding_20 nd_options_box_sizing_border_box\">\n              <p><\/p>\n          <\/div>\n      <\/div>\n\n  <\/div>\n  <!--END team-->\n\n\n   <div style=\"background-color:;height: 10px\" class=\"nicdark_section  \"><\/div>[\/vc_column][vc_column width=\u00a0\u00bb1\/3&Prime;]<div style=\"background-color:;height: 10px\" class=\"nicdark_section  \"><\/div>\n\n  <!--START team-->\n  <div class=\"nd_options_section nd_options_border_1_solid_grey  nd_options_text_align_center nd_options_team_element \">\n\n      <div style=\"background-color:#000000\" class=\"nd_options_section nd_options_padding_20 nd_options_box_sizing_border_box\">\n          <h4 class=\"nd_options_color_white\">Luxe et Confort<\/h4>\n      <\/div>\n\n      <img decoding=\"async\" class=\"nd_options_section\" alt=\"\" src=\"https:\/\/executivetravelmaroc.com\/wp-content\/uploads\/2023\/06\/Luxury-Limousine-Ladies-Party-Marrakech.jpeg\">\n\n       <div style=\"background-color:#000000\" class=\"nd_options_section nd_options_padding_20 nd_options_box_sizing_border_box\">\n          <h5 class=\"nd_options_color_white\"><\/h5>\n      <\/div>\n      \n      <div class=\"nd_options_section\">\n          <div class=\"nd_options_section nd_options_padding_20 nd_options_box_sizing_border_box\">\n              <p><\/p>\n          <\/div>\n      <\/div>\n\n  <\/div>\n  <!--END team-->\n\n\n   <div style=\"background-color:;height: 10px\" class=\"nicdark_section  \"><\/div>[\/vc_column][vc_column width=\u00a0\u00bb1\/3&Prime;]<div style=\"background-color:;height: 10px\" class=\"nicdark_section  \"><\/div>\n\n  <!--START team-->\n  <div class=\"nd_options_section nd_options_border_1_solid_grey  nd_options_text_align_center nd_options_team_element \">\n\n      <div style=\"background-color:#000000\" class=\"nd_options_section nd_options_padding_20 nd_options_box_sizing_border_box\">\n          <h4 class=\"nd_options_color_white\">Flexibilit\u00e9 et Libert\u00e9<\/h4>\n      <\/div>\n\n      <img decoding=\"async\" class=\"nd_options_section\" alt=\"\" src=\"https:\/\/executivetravelmaroc.com\/wp-content\/uploads\/2023\/06\/belle-vue-nuages-captures-partir-fenetre-avion-1024x683.jpg\">\n\n       <div style=\"background-color:#000000\" class=\"nd_options_section nd_options_padding_20 nd_options_box_sizing_border_box\">\n          <h5 class=\"nd_options_color_white\"><\/h5>\n      <\/div>\n      \n      <div class=\"nd_options_section\">\n          <div class=\"nd_options_section nd_options_padding_20 nd_options_box_sizing_border_box\">\n              <p><\/p>\n          <\/div>\n      <\/div>\n\n  <\/div>\n  <!--END team-->\n\n\n   <div style=\"background-color:;height: 10px\" class=\"nicdark_section  \"><\/div>[\/vc_column][\/vc_row][vc_row][vc_column width=\u00a0\u00bb1\/3&Prime;][\/vc_column][vc_column width=\u00a0\u00bb1\/3&Prime;][\/vc_column][vc_column width=\u00a0\u00bb1\/3&Prime;][\/vc_column][\/vc_row][vc_row full_width=\u00a0\u00bbstretch_row\u00a0\u00bb parallax=\u00a0\u00bbcontent-moving\u00a0\u00bb parallax_image=\u00a0\u00bb1758&Prime; css=\u00a0\u00bb.vc_custom_1543242551865{margin-top: 60px !important;padding-top: 100px !important;padding-bottom: 100px !important;}\u00a0\u00bb el_class=\u00a0\u00bbnd_options_vc_parallax_filter_2_2&Prime;][vc_column width=\u00a0\u00bb8\/12&Prime;]\n\n\n    <div class=\"nd_options_section nd_options_position_relative \">\n        <img decoding=\"async\" alt=\"\" class=\"nd_options_position_absolute nd_options_left_0\" width=\"55\" src=\"https:\/\/executivetravelmaroc.com\/wp-content\/uploads\/2018\/11\/check-symbol.png\">\n        <div class=\"nd_options_section nd_options_padding_left_80 nd_options_box_sizing_border_box\">\n            <h1 class=\"nd_options_font_size_40 nd_options_line_height_50\" style=\"color:#ffffff\"><strong>Notre \u00e9quipe est disponible pour vous aider et vous assister 24 heures sur 24, 7 jours sur 7.<\/strong><\/h1>\n        <\/div>\n    <\/div>\n\n\n  <div style=\"background-color:;height: 70px\" class=\"nicdark_section  \"><\/div>[\/vc_column][vc_column width=\u00a0\u00bb4\/12&Prime;][\/vc_column][\/vc_row][vc_row css=\u00a0\u00bb.vc_custom_1541512805626{margin-top: 45px !important;}\u00a0\u00bb el_id=\u00a0\u00bbnd_options_about_us_1_services_section\u00a0\u00bb][vc_column width=\u00a0\u00bb1\/12&Prime; el_class=\u00a0\u00bbnd_options_text_align_center\u00a0\u00bb][\/vc_column][vc_column width=\u00a0\u00bb5\/12&Prime;]<div style=\"background-color:;height: 25px\" class=\"nicdark_section  \"><\/div>\n\n    <div class=\"nd_options_section nd_options_position_relative \">\n\n        <img decoding=\"async\" style=\"top:10px\" alt=\"\" class=\"nd_options_position_absolute nd_options_left_0\" width=\"50\" src=\"https:\/\/executivetravelmaroc.com\/wp-content\/uploads\/2018\/04\/icon-plane.png\">\n\n        <div style=\"padding-left:70px\" class=\"nd_options_section nd_options_box_sizing_border_box\">\n            \n            <h3 class=\"  \" style=\"margin:;color:;font-size:px;line-height:px\">Confidentialit\u00e9 et Discr\u00e9tion<\/h3> \n            <p class=\"nd_options_second_font  \" style=\"margin:0px 0px 15px 0px;color:;font-size:14px;line-height:24px\">Nous comprenons l'importance de la confidentialit\u00e9 lors de vos d\u00e9placements. Nous traitons toutes vos informations personnelles avec la plus grande discr\u00e9tion et nous nous engageons \u00e0 prot\u00e9ger votre vie priv\u00e9e \u00e0 chaque \u00e9tape de votre voyage.<\/p> \n            \n\n        <\/div>\n\n    <\/div>\n\n  <div style=\"background-color:;height: 50px\" class=\"nicdark_section  \"><\/div><div style=\"background-color:;height: 50px\" class=\"nicdark_section  \"><\/div>\n\n    <div class=\"nd_options_section nd_options_position_relative \">\n\n        <img decoding=\"async\" style=\"top:10px\" alt=\"\" class=\"nd_options_position_absolute nd_options_left_0\" width=\"50\" src=\"https:\/\/executivetravelmaroc.com\/wp-content\/uploads\/2018\/04\/icon-island.png\">\n\n        <div style=\"padding-left:70px\" class=\"nd_options_section nd_options_box_sizing_border_box\">\n            \n            <h3 class=\"  \" style=\"margin:;color:;font-size:px;line-height:px\">Flexibilit\u00e9 et Libert\u00e9<\/h3> \n            <p class=\"nd_options_second_font  \" style=\"margin:0px 0px 15px 0px;color:;font-size:14px;line-height:24px\">Nous comprenons que vos plans de voyage peuvent changer \u00e0 tout moment. C'est pourquoi nous sommes flexibles et pr\u00eats \u00e0 adapter nos services en fonction de vos besoins. Que vous ayez besoin d'un vol de derni\u00e8re minute, d'un itin\u00e9raire modifi\u00e9 ou de services suppl\u00e9mentaires, nous sommes l\u00e0 pour vous aider.<\/p> \n            \n\n        <\/div>\n\n    <\/div>\n\n  <div style=\"background-color:;height: 25px\" class=\"nicdark_section  \"><\/div>[\/vc_column][vc_column width=\u00a0\u00bb5\/12&Prime;]<div style=\"background-color:;height: 25px\" class=\"nicdark_section  \"><\/div>\n\n    <div class=\"nd_options_section nd_options_position_relative \">\n\n        <img decoding=\"async\" style=\"top:10px\" alt=\"\" class=\"nd_options_position_absolute nd_options_left_0\" width=\"50\" src=\"https:\/\/executivetravelmaroc.com\/wp-content\/uploads\/2018\/04\/icon-map.png\">\n\n        <div style=\"padding-left:70px\" class=\"nd_options_section nd_options_box_sizing_border_box\">\n            \n            <h3 class=\"  \" style=\"margin:;color:;font-size:px;line-height:px\">Expertise Locale<\/h3> \n            <p class=\"nd_options_second_font  \" style=\"margin:0px 0px 15px 0px;color:;font-size:14px;line-height:24px\">Avec une connaissance approfondie de Marrakech et de ses environs, notre \u00e9quipe est en mesure de vous offrir des conseils pr\u00e9cieux sur les meilleurs endroits \u00e0 visiter, les activit\u00e9s \u00e0 ne pas manquer et les exp\u00e9riences authentiques \u00e0 vivre. Nous avons \u00e9tabli des partenariats avec les meilleurs prestataires de services locaux pour vous garantir une exp\u00e9rience unique et enrichissante.<\/p> \n            \n\n        <\/div>\n\n    <\/div>\n\n  <div style=\"background-color:;height: 50px\" class=\"nicdark_section  \"><\/div><div style=\"background-color:;height: 50px\" class=\"nicdark_section  \"><\/div><div style=\"background-color:;height: 50px\" class=\"nicdark_section  \"><\/div><div style=\"background-color:;height: 50px\" class=\"nicdark_section  \"><\/div>\n\n    <div class=\"nd_options_section nd_options_position_relative \">\n\n        <img decoding=\"async\" style=\"top:10px\" alt=\"\" class=\"nd_options_position_absolute nd_options_left_0\" width=\"50\" src=\"https:\/\/executivetravelmaroc.com\/wp-content\/uploads\/2018\/04\/icon-drink.png\">\n\n        <div style=\"padding-left:70px\" class=\"nd_options_section nd_options_box_sizing_border_box\">\n            \n            <h3 class=\"  \" style=\"margin:;color:;font-size:px;line-height:px\">Luxe et Confort<\/h3> \n            <p class=\"nd_options_second_font  \" style=\"margin:0px 0px 15px 0px;color:;font-size:14px;line-height:24px\">Nous nous engageons \u00e0 vous offrir une exp\u00e9rience de voyage luxueuse. Que ce soit \u00e0 bord d'un jet priv\u00e9, d'une limousine ou d'un h\u00e9licopt\u00e8re, nous veillons \u00e0 ce que chaque aspect de votre voyage soit marqu\u00e9 par le confort, l'\u00e9l\u00e9gance et l'exclusivit\u00e9.<\/p> \n            \n\n        <\/div>\n\n    <\/div>\n\n  <div style=\"background-color:;height: 25px\" class=\"nicdark_section  \"><\/div>[\/vc_column][vc_column width=\u00a0\u00bb1\/12&Prime;][\/vc_column][\/vc_row][vc_row css=\u00a0\u00bb.vc_custom_1492511016596{margin-top: 40px !important;margin-bottom: 20px !important;}\u00a0\u00bb][vc_column el_class=\u00a0\u00bbnd_options_text_align_center\u00a0\u00bb]<div style=\"background-color:;height: 25px\" class=\"nicdark_section  \"><\/div>\n\t<div class=\"nd_options_section nd_options_text_align_center\">\n\t<a style=\"border: px solid;border-radius:30px;letter-spacing:1px;line-height:14px;font-size:14px;background-color:#555555;padding:15px 35px;margin:;color:#ffffff\" rel=\"\" href=\"https:\/\/executivetravelmaroc.com\/index.php\/contact\/\" class=\"nicdark_display_inline_block  nd_options_font_weight_normal nd_options_second_font  \">Contactez-nous<\/a>\n\t<\/div>\n[\/vc_column][\/vc_row]<\/p>\n","protected":false},"excerpt":{"rendered":"<p>[vc_row content_placement=\u00a0\u00bbmiddle\u00a0\u00bb][vc_column width=\u00a0\u00bb1\/2&Prime; css=\u00a0\u00bb.vc_custom_1467360650255{margin-top: 10px !important;margin-bottom: 10px !important;padding-top: 0px !important;padding-right: 40px !important;}\u00a0\u00bb][vc_column_text]Nous sommes fiers de vous offrir une exp\u00e9rience de voyage luxueuse et personnalis\u00e9e, o\u00f9 chaque d\u00e9tail est soigneusement orchestr\u00e9 pour r\u00e9pondre \u00e0 vos besoins et surpasser vos attentes. Que vous voyagiez pour des affaires ou pour le plaisir, nous mettons tout en \u0153uvre pour [&hellip;]<\/p>\n","protected":false},"author":1,"featured_media":0,"parent":0,"menu_order":0,"comment_status":"closed","ping_status":"closed","template":"","meta":{"footnotes":""},"class_list":["post-1138","page","type-page","status-publish","hentry"],"_links":{"self":[{"href":"https:\/\/executivetravelmaroc.com\/index.php\/wp-json\/wp\/v2\/pages\/1138","targetHints":{"allow":["GET"]}}],"collection":[{"href":"https:\/\/executivetravelmaroc.com\/index.php\/wp-json\/wp\/v2\/pages"}],"about":[{"href":"https:\/\/executivetravelmaroc.com\/index.php\/wp-json\/wp\/v2\/types\/page"}],"author":[{"embeddable":true,"href":"https:\/\/executivetravelmaroc.com\/index.php\/wp-json\/wp\/v2\/users\/1"}],"replies":[{"embeddable":true,"href":"https:\/\/executivetravelmaroc.com\/index.php\/wp-json\/wp\/v2\/comments?post=1138"}],"version-history":[{"count":8,"href":"https:\/\/executivetravelmaroc.com\/index.php\/wp-json\/wp\/v2\/pages\/1138\/revisions"}],"predecessor-version":[{"id":2128,"href":"https:\/\/executivetravelmaroc.com\/index.php\/wp-json\/wp\/v2\/pages\/1138\/revisions\/2128"}],"wp:attachment":[{"href":"https:\/\/executivetravelmaroc.com\/index.php\/wp-json\/wp\/v2\/media?parent=1138"}],"curies":[{"name":"wp","href":"https:\/\/api.w.org\/{rel}","templated":true}]}}