{"id":1956,"date":"2023-06-05T16:05:59","date_gmt":"2023-06-05T16:05:59","guid":{"rendered":"https:\/\/executivetravelmaroc.com\/?page_id=1956"},"modified":"2023-06-15T21:23:00","modified_gmt":"2023-06-15T21:23:00","slug":"limousine","status":"publish","type":"page","link":"https:\/\/executivetravelmaroc.com\/index.php\/limousine\/","title":{"rendered":"Limousine"},"content":{"rendered":"<p>[vc_row][vc_column width=\u00a0\u00bb1\/2&Prime;]<div style=\"background-color:;height: 10px\" class=\"nicdark_section  \"><\/div> <h1 style=\"color:;padding:px;text-align:center;font-size:40px;line-height:60px;letter-spacing: 0px;font-weight:bold\" class=\"  nd_options_text_align_center_responsive_important nd_options_first_font \">Limousine<\/h1> [vc_column_text]Offrez-vous une exp\u00e9rience de luxe et de confort inoubliable avec notre service de limousine haut de gamme \u00e0 Marrakech. Que vous soyez un voyageur d&rsquo;affaires, un touriste en qu\u00eate d&rsquo;exp\u00e9riences exclusives ou que vous souhaitiez simplement vous faire plaisir, nous sommes l\u00e0 pour r\u00e9pondre \u00e0 tous vos besoins de transport.<\/p>\n<p>Que vous ayez besoin d&rsquo;une limousine pour un transfert depuis l&rsquo;a\u00e9roport vers votre h\u00f4tel, pour vous d\u00e9placer dans la ville lors de votre s\u00e9jour \u00e0 Marrakech ou pour des occasions sp\u00e9ciales telles que des mariages, des \u00e9v\u00e9nements corporatifs ou des soir\u00e9es VIP, notre service de limousine est l\u00e0 pour vous accompagner.[\/vc_column_text][vc_btn title=\u00a0\u00bbContactez-nous\u00a0\u00bb color=\u00a0\u00bbpeacoc\u00a0\u00bb align=\u00a0\u00bbcenter\u00a0\u00bb link=\u00a0\u00bburl:https%3A%2F%2Fexecutivetravelmaroc.com%2Findex.php%2Fcontact%2F|title:Contact\u00a0\u00bb][\/vc_column][vc_column width=\u00a0\u00bb1\/2&Prime;]<div style=\"background-color:;height: 10px\" class=\"nicdark_section  \"><\/div><div style=\"background-color:;height: 10px\" class=\"nicdark_section  \"><\/div>[vc_single_image image=\u00a0\u00bb1995&Prime; img_size=\u00a0\u00bblarge\u00a0\u00bb][\/vc_column][\/vc_row][vc_row content_placement=\u00a0\u00bbmiddle\u00a0\u00bb][vc_column width=\u00a0\u00bb2\/4&Prime; css=\u00a0\u00bb.vc_custom_1467360650255{margin-top: 10px !important;margin-bottom: 10px !important;padding-top: 0px !important;padding-right: 40px !important;}\u00a0\u00bb]<div style=\"background-color:;height: 10px\" class=\"nicdark_section  \"><\/div> <h1 style=\"color:;padding:px;text-align:right;font-size:40px;line-height:60px;letter-spacing: 0px;font-weight:bold\" class=\"  nd_options_text_align_center_responsive_important nd_options_first_font \">Nous comprenons que chaque client a des besoins diff\u00e9rents, c'est pourquoi nous proposons une gamme de services personnalisables.<\/h1> [\/vc_column][vc_column width=\u00a0\u00bb1\/4&Prime; css=\u00a0\u00bb.vc_custom_1467207292391{margin-top: 10px !important;margin-bottom: 10px !important;padding-top: 0px !important;}\u00a0\u00bb]<div style=\"background-color:;height: 20px\" class=\"nicdark_section  \"><\/div>[vc_column_text el_class=\u00a0\u00bbnd_options_text_align_center_responsive\u00a0\u00bb]Vous pouvez choisir parmi une vari\u00e9t\u00e9 de mod\u00e8les de limousines, des berlines classiques aux SUV luxueux, en fonction de vos pr\u00e9f\u00e9rences et de la taille de votre groupe.[\/vc_column_text][\/vc_column][vc_column width=\u00a0\u00bb1\/4&Prime; css=\u00a0\u00bb.vc_custom_1467207298589{margin-top: 10px !important;margin-bottom: 10px !important;padding-top: 0px !important;}\u00a0\u00bb]<div style=\"background-color:;height: 20px\" class=\"nicdark_section  \"><\/div>[vc_column_text el_class=\u00a0\u00bbnd_options_text_align_center_responsive\u00a0\u00bb]Notre \u00e9quipe d\u00e9vou\u00e9e est disponible pour vous aider \u00e0 planifier votre itin\u00e9raire, \u00e0 r\u00e9pondre \u00e0 vos questions et \u00e0 s&rsquo;assurer que tous vos besoins sont pris en compte.[\/vc_column_text][\/vc_column][\/vc_row][vc_row css=\u00a0\u00bb.vc_custom_1541512805626{margin-top: 45px !important;}\u00a0\u00bb el_id=\u00a0\u00bbnd_options_about_us_1_services_section\u00a0\u00bb][vc_column width=\u00a0\u00bb1\/12&Prime; el_class=\u00a0\u00bbnd_options_text_align_center\u00a0\u00bb][\/vc_column][vc_column width=\u00a0\u00bb5\/12&Prime;]<div style=\"background-color:;height: 25px\" class=\"nicdark_section  \"><\/div>\n\n    <div class=\"nd_options_section nd_options_position_relative \">\n\n        <img decoding=\"async\" style=\"top:10px\" alt=\"\" class=\"nd_options_position_absolute nd_options_left_0\" width=\"50\" src=\"https:\/\/executivetravelmaroc.com\/wp-content\/uploads\/2018\/04\/icon-drink.png\">\n\n        <div style=\"padding-left:70px\" class=\"nd_options_section nd_options_box_sizing_border_box\">\n            \n            <h3 class=\"  \" style=\"margin:;color:;font-size:px;line-height:px\">Confort et luxe<\/h3> \n            <p class=\"nd_options_second_font  \" style=\"margin:0px 0px 15px 0px;color:;font-size:14px;line-height:24px\">Profitez d'une exp\u00e9rience de voyage in\u00e9gal\u00e9e dans nos cabines spacieuses et \u00e9l\u00e9gantes, \u00e9quip\u00e9es de si\u00e8ges luxueux, de commodit\u00e9s haut de gamme et d'un service attentionn\u00e9.<\/p> \n            \n\n        <\/div>\n\n    <\/div>\n\n  <div style=\"background-color:;height: 50px\" class=\"nicdark_section  \"><\/div>\n\n    <div class=\"nd_options_section nd_options_position_relative \">\n\n        <img decoding=\"async\" style=\"top:10px\" alt=\"\" class=\"nd_options_position_absolute nd_options_left_0\" width=\"50\" src=\"https:\/\/executivetravelmaroc.com\/wp-content\/uploads\/2018\/04\/icon-island.png\">\n\n        <div style=\"padding-left:70px\" class=\"nd_options_section nd_options_box_sizing_border_box\">\n            \n            <h3 class=\"  \" style=\"margin:;color:;font-size:px;line-height:px\">Confidentialit\u00e9 et tranquillit\u00e9<\/h3> \n            <p class=\"nd_options_second_font  \" style=\"margin:0px 0px 15px 0px;color:;font-size:14px;line-height:24px\">Voyagez en toute intimit\u00e9. Notre service de limousine vous assure une exp\u00e9rience paisible et discr\u00e8te.<\/p> \n            \n\n        <\/div>\n\n    <\/div>\n\n  <div style=\"background-color:;height: 25px\" class=\"nicdark_section  \"><\/div>[\/vc_column][vc_column width=\u00a0\u00bb5\/12&Prime;]<div style=\"background-color:;height: 25px\" class=\"nicdark_section  \"><\/div>\n\n    <div class=\"nd_options_section nd_options_position_relative \">\n\n        <img decoding=\"async\" style=\"top:10px\" alt=\"\" class=\"nd_options_position_absolute nd_options_left_0\" width=\"50\" src=\"https:\/\/executivetravelmaroc.com\/wp-content\/uploads\/2018\/04\/icon-camera.png\">\n\n        <div style=\"padding-left:70px\" class=\"nd_options_section nd_options_box_sizing_border_box\">\n            \n            <h3 class=\"  \" style=\"margin:;color:;font-size:px;line-height:px\">Flexibilit\u00e9 totale<\/h3> \n            <p class=\"nd_options_second_font  \" style=\"margin:0px 0px 15px 0px;color:;font-size:14px;line-height:24px\">Planifiez votre voyage selon votre propre emploi du temps. Nous nous adaptons \u00e0 vos horaires et vous offrons la libert\u00e9 de choisir le moment qui vous convient le mieux.<\/p> \n            \n\n        <\/div>\n\n    <\/div>\n\n  <div style=\"background-color:;height: 50px\" class=\"nicdark_section  \"><\/div>\n\n    <div class=\"nd_options_section nd_options_position_relative \">\n\n        <img decoding=\"async\" style=\"top:10px\" alt=\"\" class=\"nd_options_position_absolute nd_options_left_0\" width=\"50\" src=\"https:\/\/executivetravelmaroc.com\/wp-content\/uploads\/2018\/04\/icon-map.png\">\n\n        <div style=\"padding-left:70px\" class=\"nd_options_section nd_options_box_sizing_border_box\">\n            \n            <h3 class=\"  \" style=\"margin:;color:;font-size:px;line-height:px\">Gain de temps<\/h3> \n            <p class=\"nd_options_second_font  \" style=\"margin:0px 0px 15px 0px;color:;font-size:14px;line-height:24px\">Vous b\u00e9n\u00e9ficiez d'un gain de temps pr\u00e9cieux. Nous comprenons que votre temps est pr\u00e9cieux, que vous soyez en voyage d'affaires ou en vacances, et nous nous engageons \u00e0 vous offrir une solution de transport efficace et sans tracas.<\/p> \n            \n\n        <\/div>\n\n    <\/div>\n\n  <div style=\"background-color:;height: 25px\" class=\"nicdark_section  \"><\/div>[\/vc_column][vc_column width=\u00a0\u00bb1\/12&Prime;][\/vc_column][\/vc_row][vc_row css=\u00a0\u00bb.vc_custom_1686699745737{margin-top: 38px !important;}\u00a0\u00bb][vc_column width=\u00a0\u00bb1\/2&Prime;]<div style=\"background-color:;height: 10px\" class=\"nicdark_section  \"><\/div> <h1 style=\"color:;padding:px;text-align:;font-size:40px;line-height:60px;letter-spacing: 0px;font-weight:bold\" class=\"  nd_options_text_align_center_responsive_important nd_options_first_font \">Pr\u00e9parez-vous \u00e0 vivre une exp\u00e9rience de voyage inoubliable !<\/h1> [vc_column_text]En tant que soci\u00e9t\u00e9 de location de limousine de confiance \u00e0 Marrakech, nous mettons un point d&rsquo;honneur \u00e0 offrir un service client\u00e8le exceptionnel. Votre satisfaction est notre priorit\u00e9 absolue, et nous nous effor\u00e7ons de d\u00e9passer vos attentes \u00e0 chaque \u00e9tape de votre exp\u00e9rience avec nous.<\/p>\n<p>R\u00e9servez d\u00e8s maintenant votre limousine \u00e0 Marrakech et d\u00e9couvrez le luxe et le raffinement d&rsquo;un service de classe mondiale. Contactez-nous pour obtenir un devis personnalis\u00e9 ou pour toute demande sp\u00e9cifique. Nous sommes impatients de vous accueillir \u00e0 bord de l&rsquo;une de nos limousines et de vous offrir une exp\u00e9rience inoubliable dans la magnifique ville de Marrakech.<\/p>\n<p>&nbsp;[\/vc_column_text][vc_btn title=\u00a0\u00bbContactez-nous\u00a0\u00bb color=\u00a0\u00bbpeacoc\u00a0\u00bb align=\u00a0\u00bbcenter\u00a0\u00bb link=\u00a0\u00bburl:https%3A%2F%2Fexecutivetravelmaroc.com%2Findex.php%2Fcontact%2F|title:Contact\u00a0\u00bb][\/vc_column][vc_column width=\u00a0\u00bb1\/2&Prime;][vc_single_image image=\u00a0\u00bb1968&Prime; img_size=\u00a0\u00bblarge\u00a0\u00bb][\/vc_column][\/vc_row][vc_row][vc_column][vc_gallery type=\u00a0\u00bbimage_grid\u00a0\u00bb images=\u00a0\u00bb2000,1999,1998,1996,1995,1994,1968&Prime;][\/vc_column][\/vc_row][vc_row][vc_column width=\u00a0\u00bb1\/6&Prime;][\/vc_column][vc_column width=\u00a0\u00bb2\/3&Prime;]<div style=\"background-color:;height: 10px\" class=\"nicdark_section  \"><\/div> <h1 style=\"color:;padding:px;text-align:center;font-size:40px;line-height:60px;letter-spacing: 0px;font-weight:bold\" class=\"  nd_options_text_align_center_responsive_important nd_options_first_font \">Contactez-nous<\/h1> \n<div class=\"wpcf7 no-js\" id=\"wpcf7-f1445-o1\" lang=\"en-US\" dir=\"ltr\">\n<div class=\"screen-reader-response\"><p role=\"status\" aria-live=\"polite\" aria-atomic=\"true\"><\/p> <ul><\/ul><\/div>\n<form action=\"\/index.php\/wp-json\/wp\/v2\/pages\/1956#wpcf7-f1445-o1\" method=\"post\" class=\"wpcf7-form init\" aria-label=\"Contact form\" novalidate=\"novalidate\" data-status=\"init\">\n<div style=\"display: none;\">\n<input type=\"hidden\" name=\"_wpcf7\" value=\"1445\" \/>\n<input type=\"hidden\" name=\"_wpcf7_version\" value=\"5.7.7\" \/>\n<input type=\"hidden\" name=\"_wpcf7_locale\" value=\"en_US\" \/>\n<input type=\"hidden\" name=\"_wpcf7_unit_tag\" value=\"wpcf7-f1445-o1\" \/>\n<input type=\"hidden\" name=\"_wpcf7_container_post\" value=\"0\" \/>\n<input type=\"hidden\" name=\"_wpcf7_posted_data_hash\" value=\"\" \/>\n<\/div>\n<p><label> Nom Complet<br \/>\n<span class=\"wpcf7-form-control-wrap\" data-name=\"your-name\"><input size=\"40\" class=\"wpcf7-form-control wpcf7-text wpcf7-validates-as-required\" autocomplete=\"name\" aria-required=\"true\" aria-invalid=\"false\" value=\"\" type=\"text\" name=\"your-name\" \/><\/span> <\/label>\n<\/p>\n<p><label> Email<br \/>\n<span class=\"wpcf7-form-control-wrap\" data-name=\"your-email\"><input size=\"40\" class=\"wpcf7-form-control wpcf7-text wpcf7-email wpcf7-validates-as-required wpcf7-validates-as-email\" autocomplete=\"email\" aria-required=\"true\" aria-invalid=\"false\" value=\"\" type=\"email\" name=\"your-email\" \/><\/span> <\/label>\n<\/p>\n<p><label> T\u00e9l\u00e9phone<br \/>\n<span class=\"wpcf7-form-control-wrap\" data-name=\"your-phone\"><input size=\"40\" class=\"wpcf7-form-control wpcf7-text wpcf7-validates-as-required\" aria-required=\"true\" aria-invalid=\"false\" value=\"\" type=\"text\" name=\"your-phone\" \/><\/span> <\/label>\n<\/p>\n<p><label> Message (optional)<br \/>\n<span class=\"wpcf7-form-control-wrap\" data-name=\"your-message\"><textarea cols=\"40\" rows=\"10\" class=\"wpcf7-form-control wpcf7-textarea\" aria-invalid=\"false\" name=\"your-message\"><\/textarea><\/span> <\/label>\n<\/p>\n<p><input class=\"wpcf7-form-control has-spinner wpcf7-submit\" type=\"submit\" value=\"Envoyer\" \/>\n<\/p><div class=\"wpcf7-response-output\" aria-hidden=\"true\"><\/div>\n<\/form>\n<\/div>\n[\/vc_column][vc_column width=\u00a0\u00bb1\/6&Prime;][\/vc_column][\/vc_row][vc_row equal_height=\u00a0\u00bbyes\u00a0\u00bb content_placement=\u00a0\u00bbmiddle\u00a0\u00bb css=\u00a0\u00bb.vc_custom_1686863204332{margin-top: 38px !important;margin-bottom: 38px !important;}\u00a0\u00bb][vc_column width=\u00a0\u00bb1\/3&Prime;]<div style=\"background-color:;height: 10px\" class=\"nicdark_section  \"><\/div>\n\n  <!--START team-->\n  <div class=\" nd_options_team_component_l5 nd_options_section nd_options_box_sizing_border_box nd_options_team_element \">    \n    <div class=\"nd_options_section nd_options_position_relative\">\n\n      <img decoding=\"async\" alt=\"\" class=\"nd_options_section\" src=\"https:\/\/executivetravelmaroc.com\/wp-content\/uploads\/2023\/06\/images-28.jpeg\">\n\n      <div class=\"nd_options_bg_greydark_alpha_gradient_3 nd_options_position_absolute nd_options_left_0 nd_options_height_100_percentage nd_options_width_100_percentage nd_options_box_sizing_border_box\">\n        <div class=\"nd_options_position_absolute nd_options_bottom_30 nd_options_width_100_percentage nd_options_padding_botttom_0 nd_options_padding_50 nd_options_box_sizing_border_box nd_options_text_align_center\">\n          <h3 class=\"nd_options_color_white\">Service Personnalis\u00e9<\/h3>\n          <div class=\"nd_options_section nd_options_height_10\"><\/div>\n          <h6 class=\"nd_options_color_white\"><strong><\/strong><\/h6>\n        <\/div>\n      <\/div>\n\n    <\/div>\n  <\/div>\n  <!--END team-->\n<div style=\"background-color:;height: 10px\" class=\"nicdark_section  \"><\/div>[\/vc_column][vc_column width=\u00a0\u00bb1\/3&Prime;]<div style=\"background-color:;height: 10px\" class=\"nicdark_section  \"><\/div>\n\n  <!--START team-->\n  <div class=\" nd_options_team_component_l5 nd_options_section nd_options_box_sizing_border_box nd_options_team_element \">    \n    <div class=\"nd_options_section nd_options_position_relative\">\n\n      <img decoding=\"async\" alt=\"\" class=\"nd_options_section\" src=\"https:\/\/executivetravelmaroc.com\/wp-content\/uploads\/2023\/06\/Luxury-Limousine-Ladies-Party-Marrakech.jpeg\">\n\n      <div class=\"nd_options_bg_greydark_alpha_gradient_3 nd_options_position_absolute nd_options_left_0 nd_options_height_100_percentage nd_options_width_100_percentage nd_options_box_sizing_border_box\">\n        <div class=\"nd_options_position_absolute nd_options_bottom_30 nd_options_width_100_percentage nd_options_padding_botttom_0 nd_options_padding_50 nd_options_box_sizing_border_box nd_options_text_align_center\">\n          <h3 class=\"nd_options_color_white\">Service de qualit\u00e9 sup\u00e9rieure<\/h3>\n          <div class=\"nd_options_section nd_options_height_10\"><\/div>\n          <h6 class=\"nd_options_color_white\"><strong><\/strong><\/h6>\n        <\/div>\n      <\/div>\n\n    <\/div>\n  <\/div>\n  <!--END team-->\n<div style=\"background-color:;height: 10px\" class=\"nicdark_section  \"><\/div>[\/vc_column][vc_column width=\u00a0\u00bb1\/3&Prime;]<div style=\"background-color:;height: 10px\" class=\"nicdark_section  \"><\/div>\n\n  <!--START team-->\n  <div class=\" nd_options_team_component_l5 nd_options_section nd_options_box_sizing_border_box nd_options_team_element \">    \n    <div class=\"nd_options_section nd_options_position_relative\">\n\n      <img decoding=\"async\" alt=\"\" class=\"nd_options_section\" src=\"https:\/\/executivetravelmaroc.com\/wp-content\/uploads\/2023\/06\/airport-1024x683.jpeg\">\n\n      <div class=\"nd_options_bg_greydark_alpha_gradient_3 nd_options_position_absolute nd_options_left_0 nd_options_height_100_percentage nd_options_width_100_percentage nd_options_box_sizing_border_box\">\n        <div class=\"nd_options_position_absolute nd_options_bottom_30 nd_options_width_100_percentage nd_options_padding_botttom_0 nd_options_padding_50 nd_options_box_sizing_border_box nd_options_text_align_center\">\n          <h3 class=\"nd_options_color_white\">Acc\u00e8s \u00e0 des destinations exclusives<\/h3>\n          <div class=\"nd_options_section nd_options_height_10\"><\/div>\n          <h6 class=\"nd_options_color_white\"><strong><\/strong><\/h6>\n        <\/div>\n      <\/div>\n\n    <\/div>\n  <\/div>\n  <!--END team-->\n<div style=\"background-color:;height: 10px\" class=\"nicdark_section  \"><\/div>[\/vc_column][\/vc_row]<\/p>\n","protected":false},"excerpt":{"rendered":"<p>[vc_row][vc_column width=\u00a0\u00bb1\/2&Prime;][vc_column_text]Offrez-vous une exp\u00e9rience de luxe et de confort inoubliable avec notre service de limousine haut de gamme \u00e0 Marrakech. Que vous soyez un voyageur d&rsquo;affaires, un touriste en qu\u00eate d&rsquo;exp\u00e9riences exclusives ou que vous souhaitiez simplement vous faire plaisir, nous sommes l\u00e0 pour r\u00e9pondre \u00e0 tous vos besoins de transport. Que vous ayez besoin [&hellip;]<\/p>\n","protected":false},"author":1,"featured_media":0,"parent":0,"menu_order":0,"comment_status":"closed","ping_status":"closed","template":"","meta":{"footnotes":""},"class_list":["post-1956","page","type-page","status-publish","hentry"],"_links":{"self":[{"href":"https:\/\/executivetravelmaroc.com\/index.php\/wp-json\/wp\/v2\/pages\/1956","targetHints":{"allow":["GET"]}}],"collection":[{"href":"https:\/\/executivetravelmaroc.com\/index.php\/wp-json\/wp\/v2\/pages"}],"about":[{"href":"https:\/\/executivetravelmaroc.com\/index.php\/wp-json\/wp\/v2\/types\/page"}],"author":[{"embeddable":true,"href":"https:\/\/executivetravelmaroc.com\/index.php\/wp-json\/wp\/v2\/users\/1"}],"replies":[{"embeddable":true,"href":"https:\/\/executivetravelmaroc.com\/index.php\/wp-json\/wp\/v2\/comments?post=1956"}],"version-history":[{"count":13,"href":"https:\/\/executivetravelmaroc.com\/index.php\/wp-json\/wp\/v2\/pages\/1956\/revisions"}],"predecessor-version":[{"id":2117,"href":"https:\/\/executivetravelmaroc.com\/index.php\/wp-json\/wp\/v2\/pages\/1956\/revisions\/2117"}],"wp:attachment":[{"href":"https:\/\/executivetravelmaroc.com\/index.php\/wp-json\/wp\/v2\/media?parent=1956"}],"curies":[{"name":"wp","href":"https:\/\/api.w.org\/{rel}","templated":true}]}}