{"id":2165,"date":"2023-06-22T13:02:52","date_gmt":"2023-06-22T13:02:52","guid":{"rendered":"https:\/\/executivetravelmaroc.com\/?page_id=2165"},"modified":"2023-06-22T13:37:17","modified_gmt":"2023-06-22T13:37:17","slug":"yacht-maroc","status":"publish","type":"page","link":"https:\/\/executivetravelmaroc.com\/index.php\/yacht-maroc\/","title":{"rendered":"Yacht"},"content":{"rendered":"<p>[vc_row][vc_column width=\u00a0\u00bb1\/2&Prime;]<div style=\"background-color:;height: 10px\" class=\"nicdark_section  \"><\/div> <h1 style=\"color:;padding:px;text-align:center;font-size:40px;line-height:60px;letter-spacing: 0px;font-weight:bold\" class=\"  nd_options_text_align_center_responsive_important nd_options_first_font \">Yacht<\/h1> [vc_column_text]D\u00e9couvrez une exp\u00e9rience unique en naviguant \u00e0 bord de nos luxueux yachts dans les eaux cristallines du Maroc. Que vous soyez un passionn\u00e9 de la mer, un aventurier en qu\u00eate de nouvelles d\u00e9couvertes ou simplement \u00e0 la recherche de moments de d\u00e9tente absolue, nous avons le yacht parfait pour r\u00e9pondre \u00e0 tous vos besoins.<\/p>\n<p>Notre flotte de yachts de premi\u00e8re classe est soigneusement s\u00e9lectionn\u00e9e pour offrir un confort et un style exceptionnels. Chaque yacht est \u00e9quip\u00e9 des derni\u00e8res technologies et est entretenu avec le plus grand soin, garantissant ainsi une exp\u00e9rience de navigation sans souci.[\/vc_column_text][vc_btn title=\u00a0\u00bbContactez-nous\u00a0\u00bb color=\u00a0\u00bbpeacoc\u00a0\u00bb align=\u00a0\u00bbcenter\u00a0\u00bb link=\u00a0\u00bburl:https%3A%2F%2Fexecutivetravelmaroc.com%2Findex.php%2Fcontact%2F|title:Contact\u00a0\u00bb][\/vc_column][vc_column width=\u00a0\u00bb1\/2&Prime;][vc_single_image image=\u00a0\u00bb2176&Prime; img_size=\u00a0\u00bblarge\u00a0\u00bb][\/vc_column][\/vc_row][vc_row content_placement=\u00a0\u00bbmiddle\u00a0\u00bb][vc_column width=\u00a0\u00bb2\/4&Prime; css=\u00a0\u00bb.vc_custom_1467360650255{margin-top: 10px !important;margin-bottom: 10px !important;padding-top: 0px !important;padding-right: 40px !important;}\u00a0\u00bb]<div style=\"background-color:;height: 10px\" class=\"nicdark_section  \"><\/div> <h1 style=\"color:;padding:px;text-align:right;font-size:40px;line-height:60px;letter-spacing: 0px;font-weight:bold\" class=\"  nd_options_text_align_center_responsive_important nd_options_first_font \">Notre entreprise est fi\u00e8re de vous proposer une exp\u00e9rience de voyage exclusive et luxueuse \u00e0 bord de nos yachts haut de gamme.<\/h1> [\/vc_column][vc_column width=\u00a0\u00bb1\/4&Prime; css=\u00a0\u00bb.vc_custom_1467207292391{margin-top: 10px !important;margin-bottom: 10px !important;padding-top: 0px !important;}\u00a0\u00bb]<div style=\"background-color:;height: 20px\" class=\"nicdark_section  \"><\/div>[vc_column_text el_class=\u00a0\u00bbnd_options_text_align_center_responsive\u00a0\u00bb]Que vous soyez un voyageur d&rsquo;affaires exigeant ou un particulier \u00e0 la recherche de confort et de tranquillit\u00e9, notre service de yacht au Maroc r\u00e9pondra \u00e0 tous vos besoins.[\/vc_column_text][\/vc_column][vc_column width=\u00a0\u00bb1\/4&Prime; css=\u00a0\u00bb.vc_custom_1467207298589{margin-top: 10px !important;margin-bottom: 10px !important;padding-top: 0px !important;}\u00a0\u00bb]<div style=\"background-color:;height: 20px\" class=\"nicdark_section  \"><\/div>[vc_column_text el_class=\u00a0\u00bbnd_options_text_align_center_responsive\u00a0\u00bb]Vous \u00eates \u00e0 la recherche d&rsquo;une exp\u00e9rience de voyage exceptionnelle \u00e0 Marrakech ? Ne cherchez plus ![\/vc_column_text][\/vc_column][\/vc_row][vc_row css=\u00a0\u00bb.vc_custom_1541512805626{margin-top: 45px !important;}\u00a0\u00bb el_id=\u00a0\u00bbnd_options_about_us_1_services_section\u00a0\u00bb][vc_column width=\u00a0\u00bb1\/12&Prime; el_class=\u00a0\u00bbnd_options_text_align_center\u00a0\u00bb][\/vc_column][vc_column width=\u00a0\u00bb5\/12&Prime;]<div style=\"background-color:;height: 25px\" class=\"nicdark_section  \"><\/div>\n\n    <div class=\"nd_options_section nd_options_position_relative \">\n\n        <img decoding=\"async\" style=\"top:10px\" alt=\"\" class=\"nd_options_position_absolute nd_options_left_0\" width=\"50\" src=\"https:\/\/executivetravelmaroc.com\/wp-content\/uploads\/2023\/06\/yacht.png\">\n\n        <div style=\"padding-left:70px\" class=\"nd_options_section nd_options_box_sizing_border_box\">\n            \n            <h3 class=\"  \" style=\"margin:;color:;font-size:px;line-height:px\">Confort et luxe<\/h3> \n            <p class=\"nd_options_second_font  \" style=\"margin:0px 0px 15px 0px;color:;font-size:14px;line-height:24px\">Profitez d'une exp\u00e9rience de voyage in\u00e9gal\u00e9e dans nos cabines spacieuses et \u00e9l\u00e9gantes, \u00e9quip\u00e9es de si\u00e8ges luxueux, de commodit\u00e9s haut de gamme et d'un service attentionn\u00e9.<\/p> \n            \n\n        <\/div>\n\n    <\/div>\n\n  <div style=\"background-color:;height: 50px\" class=\"nicdark_section  \"><\/div>\n\n    <div class=\"nd_options_section nd_options_position_relative \">\n\n        <img decoding=\"async\" style=\"top:10px\" alt=\"\" class=\"nd_options_position_absolute nd_options_left_0\" width=\"50\" src=\"https:\/\/executivetravelmaroc.com\/wp-content\/uploads\/2018\/04\/icon-island.png\">\n\n        <div style=\"padding-left:70px\" class=\"nd_options_section nd_options_box_sizing_border_box\">\n            \n            <h3 class=\"  \" style=\"margin:;color:;font-size:px;line-height:px\">Confidentialit\u00e9 et tranquillit\u00e9<\/h3> \n            <p class=\"nd_options_second_font  \" style=\"margin:0px 0px 15px 0px;color:;font-size:14px;line-height:24px\">Voyagez en toute intimit\u00e9 et \u00e9chappez aux foules des a\u00e9roports. Notre service de jet priv\u00e9 vous assure une exp\u00e9rience de voyage paisible et discr\u00e8te.<\/p> \n            \n\n        <\/div>\n\n    <\/div>\n\n  <div style=\"background-color:;height: 25px\" class=\"nicdark_section  \"><\/div><div style=\"background-color:;height: 25px\" class=\"nicdark_section  \"><\/div>[\/vc_column][vc_column width=\u00a0\u00bb5\/12&Prime;]<div style=\"background-color:;height: 25px\" class=\"nicdark_section  \"><\/div>\n\n    <div class=\"nd_options_section nd_options_position_relative \">\n\n        <img decoding=\"async\" style=\"top:10px\" alt=\"\" class=\"nd_options_position_absolute nd_options_left_0\" width=\"50\" src=\"https:\/\/executivetravelmaroc.com\/wp-content\/uploads\/2018\/04\/icon-camera.png\">\n\n        <div style=\"padding-left:70px\" class=\"nd_options_section nd_options_box_sizing_border_box\">\n            \n            <h3 class=\"  \" style=\"margin:;color:;font-size:px;line-height:px\">Flexibilit\u00e9 totale<\/h3> \n            <p class=\"nd_options_second_font  \" style=\"margin:0px 0px 15px 0px;color:;font-size:14px;line-height:24px\">Planifiez votre voyage selon votre propre emploi du temps. Nous nous adaptons \u00e0 vos horaires et vous offrons la libert\u00e9 de choisir le moment qui vous convient le mieux pour votre vol.<\/p> \n            \n\n        <\/div>\n\n    <\/div>\n\n  <div style=\"background-color:;height: 50px\" class=\"nicdark_section  \"><\/div>\n\n    <div class=\"nd_options_section nd_options_position_relative \">\n\n        <img decoding=\"async\" style=\"top:10px\" alt=\"\" class=\"nd_options_position_absolute nd_options_left_0\" width=\"50\" src=\"https:\/\/executivetravelmaroc.com\/wp-content\/uploads\/2018\/04\/icon-map.png\">\n\n        <div style=\"padding-left:70px\" class=\"nd_options_section nd_options_box_sizing_border_box\">\n            \n            <h3 class=\"  \" style=\"margin:;color:;font-size:px;line-height:px\">Gain de temps<\/h3> \n            <p class=\"nd_options_second_font  \" style=\"margin:0px 0px 15px 0px;color:;font-size:14px;line-height:24px\">\u00c9vitez les longues files d'attente et les formalit\u00e9s de s\u00e9curit\u00e9 complexes des a\u00e9roports. Nous vous offrons un service d'arriv\u00e9e et de d\u00e9part rapide et efficace.<\/p> \n            \n\n        <\/div>\n\n    <\/div>\n\n  <div style=\"background-color:;height: 25px\" class=\"nicdark_section  \"><\/div><div style=\"background-color:;height: 25px\" class=\"nicdark_section  \"><\/div><div style=\"background-color:;height: 25px\" class=\"nicdark_section  \"><\/div>[\/vc_column][vc_column width=\u00a0\u00bb1\/12&Prime;][\/vc_column][\/vc_row][vc_row][vc_column width=\u00a0\u00bb1\/2&Prime;]<div style=\"background-color:;height: 10px\" class=\"nicdark_section  \"><\/div> <h1 style=\"color:;padding:px;text-align:;font-size:40px;line-height:60px;letter-spacing: 0px;font-weight:bold\" class=\"  nd_options_text_align_center_responsive_important nd_options_first_font \">Pr\u00e9parez-vous \u00e0 vivre une exp\u00e9rience de voyage inoubliable !<\/h1> [vc_column_text]Que vous souhaitiez explorer la beaut\u00e9 de la c\u00f4te marocaine, vous d\u00e9tendre sur des plages isol\u00e9es ou organiser des \u00e9v\u00e9nements exclusifs en mer, notre \u00e9quipe d\u00e9vou\u00e9e est l\u00e0 pour vous accompagner \u00e0 chaque \u00e9tape de votre voyage. Nous vous offrons un service personnalis\u00e9, en veillant \u00e0 ce que chaque d\u00e9tail de votre exp\u00e9rience soit pris en compte.<\/p>\n<p>Adapt\u00e9s \u00e0 tous les go\u00fbts et \u00e0 tous les budgets. Que vous planifiez une escapade romantique, des vacances en famille ou une f\u00eate entre amis, nous avons le yacht id\u00e9al qui correspondra \u00e0 vos attentes.<\/p>\n<p>N&rsquo;h\u00e9sitez pas \u00e0 nous contacter pour obtenir davantage d&rsquo;informations sur notre service de yacht au Maroc. Notre \u00e9quipe d\u00e9vou\u00e9e se fera un plaisir de vous assister dans la planification de votre voyage et de r\u00e9pondre \u00e0 toutes vos questions. Faites le choix du luxe et de l&rsquo;exclusivit\u00e9 en optant pour notre service de yacht au Maroc ![\/vc_column_text][vc_btn title=\u00a0\u00bbContactez-nous\u00a0\u00bb color=\u00a0\u00bbpeacoc\u00a0\u00bb align=\u00a0\u00bbcenter\u00a0\u00bb link=\u00a0\u00bburl:https%3A%2F%2Fexecutivetravelmaroc.com%2Findex.php%2Fcontact%2F|title:Contact\u00a0\u00bb][\/vc_column][vc_column width=\u00a0\u00bb1\/2&Prime;][vc_single_image image=\u00a0\u00bb2173&Prime; img_size=\u00a0\u00bblarge\u00a0\u00bb][\/vc_column][\/vc_row][vc_row full_height=\u00a0\u00bbyes\u00a0\u00bb equal_height=\u00a0\u00bbyes\u00a0\u00bb content_placement=\u00a0\u00bbmiddle\u00a0\u00bb css=\u00a0\u00bb.vc_custom_1687440539306{margin-top: 30px !important;}\u00a0\u00bb][vc_column width=\u00a0\u00bb1\/3&Prime;]<div style=\"background-color:;height: 10px\" class=\"nicdark_section  \"><\/div>\n\n  <!--START team-->\n  <div class=\" nd_options_team_component_l5 nd_options_section nd_options_box_sizing_border_box nd_options_team_element \">    \n    <div class=\"nd_options_section nd_options_position_relative\">\n\n      <img decoding=\"async\" alt=\"\" class=\"nd_options_section\" src=\"https:\/\/executivetravelmaroc.com\/wp-content\/uploads\/2023\/06\/arton56951.webp\">\n\n      <div class=\"nd_options_bg_greydark_alpha_gradient_3 nd_options_position_absolute nd_options_left_0 nd_options_height_100_percentage nd_options_width_100_percentage nd_options_box_sizing_border_box\">\n        <div class=\"nd_options_position_absolute nd_options_bottom_30 nd_options_width_100_percentage nd_options_padding_botttom_0 nd_options_padding_50 nd_options_box_sizing_border_box nd_options_text_align_center\">\n          <h3 class=\"nd_options_color_white\">Service Personnalis\u00e9<\/h3>\n          <div class=\"nd_options_section nd_options_height_10\"><\/div>\n          <h6 class=\"nd_options_color_white\"><strong><\/strong><\/h6>\n        <\/div>\n      <\/div>\n\n    <\/div>\n  <\/div>\n  <!--END team-->\n<div style=\"background-color:;height: 10px\" class=\"nicdark_section  \"><\/div>[\/vc_column][vc_column width=\u00a0\u00bb1\/3&Prime;]<div style=\"background-color:;height: 10px\" class=\"nicdark_section  \"><\/div>\n\n  <!--START team-->\n  <div class=\" nd_options_team_component_l5 nd_options_section nd_options_box_sizing_border_box nd_options_team_element \">    \n    <div class=\"nd_options_section nd_options_position_relative\">\n\n      <img decoding=\"async\" alt=\"\" class=\"nd_options_section\" src=\"https:\/\/executivetravelmaroc.com\/wp-content\/uploads\/2023\/06\/fb1c61_a45f0f3605f8408abf6d047fa2431a17mv2.webp\">\n\n      <div class=\"nd_options_bg_greydark_alpha_gradient_3 nd_options_position_absolute nd_options_left_0 nd_options_height_100_percentage nd_options_width_100_percentage nd_options_box_sizing_border_box\">\n        <div class=\"nd_options_position_absolute nd_options_bottom_30 nd_options_width_100_percentage nd_options_padding_botttom_0 nd_options_padding_50 nd_options_box_sizing_border_box nd_options_text_align_center\">\n          <h3 class=\"nd_options_color_white\">Service de qualit\u00e9 sup\u00e9rieure<\/h3>\n          <div class=\"nd_options_section nd_options_height_10\"><\/div>\n          <h6 class=\"nd_options_color_white\"><strong><\/strong><\/h6>\n        <\/div>\n      <\/div>\n\n    <\/div>\n  <\/div>\n  <!--END team-->\n<div style=\"background-color:;height: 10px\" class=\"nicdark_section  \"><\/div>[\/vc_column][vc_column width=\u00a0\u00bb1\/3&Prime;]<div style=\"background-color:;height: 10px\" class=\"nicdark_section  \"><\/div>\n\n  <!--START team-->\n  <div class=\" nd_options_team_component_l5 nd_options_section nd_options_box_sizing_border_box nd_options_team_element \">    \n    <div class=\"nd_options_section nd_options_position_relative\">\n\n      <img decoding=\"async\" alt=\"\" class=\"nd_options_section\" src=\"https:\/\/executivetravelmaroc.com\/wp-content\/uploads\/2023\/06\/104447609.jpeg\">\n\n      <div class=\"nd_options_bg_greydark_alpha_gradient_3 nd_options_position_absolute nd_options_left_0 nd_options_height_100_percentage nd_options_width_100_percentage nd_options_box_sizing_border_box\">\n        <div class=\"nd_options_position_absolute nd_options_bottom_30 nd_options_width_100_percentage nd_options_padding_botttom_0 nd_options_padding_50 nd_options_box_sizing_border_box nd_options_text_align_center\">\n          <h3 class=\"nd_options_color_white\">Acc\u00e8s \u00e0 des destinations exclusives<\/h3>\n          <div class=\"nd_options_section nd_options_height_10\"><\/div>\n          <h6 class=\"nd_options_color_white\"><strong><\/strong><\/h6>\n        <\/div>\n      <\/div>\n\n    <\/div>\n  <\/div>\n  <!--END team-->\n<div style=\"background-color:;height: 10px\" class=\"nicdark_section  \"><\/div>[\/vc_column][\/vc_row][vc_row][vc_column][vc_gallery type=\u00a0\u00bbimage_grid\u00a0\u00bb images=\u00a0\u00bb2177,2176,2175,2174,2173,2172,2171,2170&Prime;][\/vc_column][\/vc_row][vc_row][vc_column width=\u00a0\u00bb1\/6&Prime;][\/vc_column][vc_column width=\u00a0\u00bb2\/3&Prime;]<div style=\"background-color:;height: 10px\" class=\"nicdark_section  \"><\/div> <h1 style=\"color:;padding:px;text-align:center;font-size:40px;line-height:60px;letter-spacing: 0px;font-weight:bold\" class=\"  nd_options_text_align_center_responsive_important nd_options_first_font \">Contactez-nous<\/h1> \n<div class=\"wpcf7 no-js\" id=\"wpcf7-f1445-o1\" lang=\"en-US\" dir=\"ltr\">\n<div class=\"screen-reader-response\"><p role=\"status\" aria-live=\"polite\" aria-atomic=\"true\"><\/p> <ul><\/ul><\/div>\n<form action=\"\/index.php\/wp-json\/wp\/v2\/pages\/2165#wpcf7-f1445-o1\" method=\"post\" class=\"wpcf7-form init\" aria-label=\"Contact form\" novalidate=\"novalidate\" data-status=\"init\">\n<div style=\"display: none;\">\n<input type=\"hidden\" name=\"_wpcf7\" value=\"1445\" \/>\n<input type=\"hidden\" name=\"_wpcf7_version\" value=\"5.7.7\" \/>\n<input type=\"hidden\" name=\"_wpcf7_locale\" value=\"en_US\" \/>\n<input type=\"hidden\" name=\"_wpcf7_unit_tag\" value=\"wpcf7-f1445-o1\" \/>\n<input type=\"hidden\" name=\"_wpcf7_container_post\" value=\"0\" \/>\n<input type=\"hidden\" name=\"_wpcf7_posted_data_hash\" value=\"\" \/>\n<\/div>\n<p><label> Nom Complet<br \/>\n<span class=\"wpcf7-form-control-wrap\" data-name=\"your-name\"><input size=\"40\" class=\"wpcf7-form-control wpcf7-text wpcf7-validates-as-required\" autocomplete=\"name\" aria-required=\"true\" aria-invalid=\"false\" value=\"\" type=\"text\" name=\"your-name\" \/><\/span> <\/label>\n<\/p>\n<p><label> Email<br \/>\n<span class=\"wpcf7-form-control-wrap\" data-name=\"your-email\"><input size=\"40\" class=\"wpcf7-form-control wpcf7-text wpcf7-email wpcf7-validates-as-required wpcf7-validates-as-email\" autocomplete=\"email\" aria-required=\"true\" aria-invalid=\"false\" value=\"\" type=\"email\" name=\"your-email\" \/><\/span> <\/label>\n<\/p>\n<p><label> T\u00e9l\u00e9phone<br \/>\n<span class=\"wpcf7-form-control-wrap\" data-name=\"your-phone\"><input size=\"40\" class=\"wpcf7-form-control wpcf7-text wpcf7-validates-as-required\" aria-required=\"true\" aria-invalid=\"false\" value=\"\" type=\"text\" name=\"your-phone\" \/><\/span> <\/label>\n<\/p>\n<p><label> Message (optional)<br \/>\n<span class=\"wpcf7-form-control-wrap\" data-name=\"your-message\"><textarea cols=\"40\" rows=\"10\" class=\"wpcf7-form-control wpcf7-textarea\" aria-invalid=\"false\" name=\"your-message\"><\/textarea><\/span> <\/label>\n<\/p>\n<p><input class=\"wpcf7-form-control has-spinner wpcf7-submit\" type=\"submit\" value=\"Envoyer\" \/>\n<\/p><div class=\"wpcf7-response-output\" aria-hidden=\"true\"><\/div>\n<\/form>\n<\/div>\n[\/vc_column][vc_column width=\u00a0\u00bb1\/6&Prime;][\/vc_column][\/vc_row]<\/p>\n","protected":false},"excerpt":{"rendered":"<p>[vc_row][vc_column width=\u00a0\u00bb1\/2&Prime;][vc_column_text]D\u00e9couvrez une exp\u00e9rience unique en naviguant \u00e0 bord de nos luxueux yachts dans les eaux cristallines du Maroc. Que vous soyez un passionn\u00e9 de la mer, un aventurier en qu\u00eate de nouvelles d\u00e9couvertes ou simplement \u00e0 la recherche de moments de d\u00e9tente absolue, nous avons le yacht parfait pour r\u00e9pondre \u00e0 tous vos besoins. [&hellip;]<\/p>\n","protected":false},"author":1,"featured_media":0,"parent":0,"menu_order":0,"comment_status":"closed","ping_status":"closed","template":"","meta":{"footnotes":""},"class_list":["post-2165","page","type-page","status-publish","hentry"],"_links":{"self":[{"href":"https:\/\/executivetravelmaroc.com\/index.php\/wp-json\/wp\/v2\/pages\/2165","targetHints":{"allow":["GET"]}}],"collection":[{"href":"https:\/\/executivetravelmaroc.com\/index.php\/wp-json\/wp\/v2\/pages"}],"about":[{"href":"https:\/\/executivetravelmaroc.com\/index.php\/wp-json\/wp\/v2\/types\/page"}],"author":[{"embeddable":true,"href":"https:\/\/executivetravelmaroc.com\/index.php\/wp-json\/wp\/v2\/users\/1"}],"replies":[{"embeddable":true,"href":"https:\/\/executivetravelmaroc.com\/index.php\/wp-json\/wp\/v2\/comments?post=2165"}],"version-history":[{"count":11,"href":"https:\/\/executivetravelmaroc.com\/index.php\/wp-json\/wp\/v2\/pages\/2165\/revisions"}],"predecessor-version":[{"id":2188,"href":"https:\/\/executivetravelmaroc.com\/index.php\/wp-json\/wp\/v2\/pages\/2165\/revisions\/2188"}],"wp:attachment":[{"href":"https:\/\/executivetravelmaroc.com\/index.php\/wp-json\/wp\/v2\/media?parent=2165"}],"curies":[{"name":"wp","href":"https:\/\/api.w.org\/{rel}","templated":true}]}}