{"id":359,"date":"2018-10-16T12:23:31","date_gmt":"2018-10-16T12:23:31","guid":{"rendered":"http:\/\/localhost\/themeforest\/themes\/lovetravel\/?page_id=359"},"modified":"2023-10-10T18:35:01","modified_gmt":"2023-10-10T18:35:01","slug":"footer","status":"publish","type":"page","link":"https:\/\/executivetravelmaroc.com\/index.php\/footer\/","title":{"rendered":"Footer"},"content":{"rendered":"<p>[vc_row full_width=\u00a0\u00bbstretch_row\u00a0\u00bb css=\u00a0\u00bb.vc_custom_1686775021101{background-image: url(https:\/\/executivetravelmaroc.com\/wp-content\/uploads\/2023\/06\/Scenic-Helicopter-Flight-Drink-Stop.jpeg?id=2081) !important;background-position: center !important;background-repeat: no-repeat !important;background-size: cover !important;}\u00a0\u00bb][vc_column css=\u00a0\u00bb.vc_custom_1540217898647{padding-right: 30px !important;padding-left: 30px !important;}\u00a0\u00bb]<div style=\"background-color:;height: 80px\" class=\"nicdark_section  \"><\/div>[vc_row_inner][vc_column_inner width=\u00a0\u00bb2\/3&Prime;] <h3 style=\"color:#ffffff;padding:px;text-align:;font-size:14px;line-height:14px;letter-spacing: 2px;font-weight:normal\" class=\"   nd_options_first_font \">Contactez-nous d\u00e8s maintenant pour des souvenirs inoubliables.<\/h3> <div style=\"background-color:;height: 20px\" class=\"nicdark_section  \"><\/div>[\/vc_column_inner][vc_column_inner width=\u00a0\u00bb1\/3&Prime;][\/vc_column_inner][\/vc_row_inner][vc_row_inner css=\u00a0\u00bb.vc_custom_1540301637852{margin-right: 0px !important;margin-left: 0px !important;padding-top: 35px !important;padding-right: 30px !important;padding-bottom: 35px !important;padding-left: 30px !important;background-color: #ffffff !important;}\u00a0\u00bb][vc_column_inner width=\u00a0\u00bb1\/2&Prime; css=\u00a0\u00bb.vc_custom_1540218745910{padding-right: 25px !important;}\u00a0\u00bb]<div style=\"background-color:;height: 10px\" class=\"nicdark_section  \"><\/div>\n    <div style=\"text-align:left\" class=\"nd_options_section\">\n      <img decoding=\"async\" alt=\"\" style=\"width:150px\" class=\" nd_options_margin_0 nd_options_padding_0 \" src=\"https:\/\/executivetravelmaroc.com\/wp-content\/uploads\/2023\/06\/LOGOfinal.png\">\n    <\/div>\n   <div style=\"background-color:;height: 25px\" class=\"nicdark_section  \"><\/div>[vc_column_text]<strong>Votre agence de voyage sp\u00e9cialis\u00e9e dans la location de jet priv\u00e9, limousine et h\u00e9licopt\u00e8re \u00e0 Marrakech.<\/strong>[\/vc_column_text]<div style=\"background-color:;height: 25px\" class=\"nicdark_section  \"><\/div>\n\t\n\t<a style=\"margin:0px 20px 0px 0px;border: px solid;border-radius:px;background-color:;padding:\" rel=\"\" target=\"_blank\" href=\"https:\/\/twitter.com\/ExecutieTravel\" class=\"nicdark_display_inline_block nd_options_float_left  \"><img decoding=\"async\" class=\"nd_options_float_left\" alt=\"\" width=\"22\" src=\"https:\/\/executivetravelmaroc.com\/wp-content\/uploads\/2018\/11\/twitter.png\"><\/a>\n\t\n\n\t\n\t<a style=\"margin:0px 20px 0px 0px;border: px solid;border-radius:px;background-color:;padding:\" rel=\"\" target=\"_blank\" href=\"https:\/\/web.facebook.com\/profile.php?id=100093831130092&amp;is_tour_completed=true&amp;_rdc=1&amp;_rdr\" class=\"nicdark_display_inline_block nd_options_float_left  \"><img decoding=\"async\" class=\"nd_options_float_left\" alt=\"\" width=\"22\" src=\"https:\/\/executivetravelmaroc.com\/wp-content\/uploads\/2018\/11\/facebook.png\"><\/a>\n\t\n\n\t\n\t<a style=\"margin:0px 20px 0px 0px;border: px solid;border-radius:px;background-color:;padding:\" rel=\"\" target=\"_blank\" href=\"https:\/\/www.linkedin.com\/company\/executive-travel-morocco\/\" class=\"nicdark_display_inline_block nd_options_float_left  \"><img decoding=\"async\" class=\"nd_options_float_left\" alt=\"\" width=\"22\" src=\"https:\/\/executivetravelmaroc.com\/wp-content\/uploads\/2023\/06\/linkedin.png\"><\/a>\n\t\n\n\t\n\t<a style=\"margin:0px 20px 0px 0px;border: px solid;border-radius:px;background-color:;padding:\" rel=\"\" target=\"_blank\" href=\"https:\/\/www.pinterest.fr\/travelexecutive003\/\" class=\"nicdark_display_inline_block nd_options_float_left  \"><img decoding=\"async\" class=\"nd_options_float_left\" alt=\"\" width=\"22\" src=\"https:\/\/executivetravelmaroc.com\/wp-content\/uploads\/2023\/06\/pinterest.png\"><\/a>\n\t\n\n\t\n\t<a style=\"margin:0px 20px 0px 0px;border: px solid;border-radius:px;background-color:;padding:\" rel=\"\" target=\"_blank\" href=\"https:\/\/www.instagram.com\/executivetravelmaroc\/\" class=\"nicdark_display_inline_block nd_options_float_left  \"><img decoding=\"async\" class=\"nd_options_float_left\" alt=\"\" width=\"22\" src=\"https:\/\/executivetravelmaroc.com\/wp-content\/uploads\/2023\/06\/instagram-3.png\"><\/a>\n\t\n<div style=\"background-color:;height: 10px\" class=\"nicdark_section  \"><\/div>[\/vc_column_inner][vc_column_inner width=\u00a0\u00bb1\/4&Prime;]<div style=\"background-color:;height: 25px\" class=\"nicdark_section  \"><\/div> <h6 style=\"color:;padding:px;text-align:;font-size:14px;line-height:14px;letter-spacing: 2px;font-weight:bold\" class=\"   nd_options_first_font \">Navigation Rapide<\/h6> <div style=\"background-color:;height: 35px\" class=\"nicdark_section  \"><\/div>[vc_column_text]<img decoding=\"async\" class=\"\" src=\"https:\/\/executivetravelmaroc.com\/wp-content\/uploads\/2018\/11\/right-arrow.png\" alt=\"\" width=\"10\" \/>\u00a0 Accueil<\/p>\n<p><a href=\"https:\/\/executivetravelmaroc.com\/index.php\/jet-privee\/\"><img decoding=\"async\" class=\"\" src=\"https:\/\/executivetravelmaroc.com\/wp-content\/uploads\/2018\/11\/right-arrow.png\" alt=\"\" width=\"10\" \/>\u00a0 Jet Priv\u00e9<\/a><\/p>\n<p><a href=\"https:\/\/executivetravelmaroc.com\/index.php\/limousine\/\"><img decoding=\"async\" class=\"\" src=\"https:\/\/executivetravelmaroc.com\/wp-content\/uploads\/2018\/11\/right-arrow.png\" alt=\"\" width=\"10\" \/>\u00a0 Limousine<\/a><\/p>\n<p><a href=\"https:\/\/executivetravelmaroc.com\/index.php\/helico\/\"><img decoding=\"async\" class=\"\" src=\"https:\/\/executivetravelmaroc.com\/wp-content\/uploads\/2018\/11\/right-arrow.png\" alt=\"\" width=\"10\" \/>\u00a0 H\u00e9lico<\/a><\/p>\n<p data-wp-editing=\"1\"><a href=\"https:\/\/executivetravelmaroc.com\/index.php\/qui-sommes-nous\/\"><img decoding=\"async\" class=\"\" src=\"https:\/\/executivetravelmaroc.com\/wp-content\/uploads\/2018\/11\/right-arrow.png\" alt=\"\" width=\"10\" \/>\u00a0 Qui Sommes-nous ?<\/a><\/p>\n<p><a href=\"https:\/\/executivetravelmaroc.com\/index.php\/contact\/\"><img decoding=\"async\" class=\"\" src=\"https:\/\/executivetravelmaroc.com\/wp-content\/uploads\/2018\/11\/right-arrow.png\" alt=\"\" width=\"10\" \/>\u00a0 Contact<\/a>[\/vc_column_text]<div style=\"background-color:;height: 10px\" class=\"nicdark_section  \"><\/div>[\/vc_column_inner][vc_column_inner width=\u00a0\u00bb1\/4&Prime;]<div style=\"background-color:;height: 25px\" class=\"nicdark_section  \"><\/div> <h6 style=\"color:;padding:px;text-align:;font-size:14px;line-height:14px;letter-spacing: 2px;font-weight:bold\" class=\"   nd_options_first_font \">Contact<\/h6> <div style=\"background-color:;height: 35px\" class=\"nicdark_section  \"><\/div>[vc_column_text]<img decoding=\"async\" class=\"\" src=\"https:\/\/executivetravelmaroc.com\/wp-content\/uploads\/2018\/11\/right-arrow.png\" alt=\"\" width=\"10\" \/>\u00a0 +212 715 339 431<\/p>\n<p><img decoding=\"async\" class=\"\" src=\"https:\/\/executivetravelmaroc.com\/wp-content\/uploads\/2018\/11\/right-arrow.png\" alt=\"\" width=\"10\" \/>\u00a0 contact@executivetravelmaroc.com<br \/>\n[\/vc_column_text]<div style=\"background-color:;height: 10px\" class=\"nicdark_section  \"><\/div>[\/vc_column_inner][\/vc_row_inner][vc_row_inner css=\u00a0\u00bb.vc_custom_1686865004370{margin-right: 0px !important;margin-left: 0px !important;background-color: #000000 !important;}\u00a0\u00bb][vc_column_inner width=\u00a0\u00bb1\/2&Prime; css=\u00a0\u00bb.vc_custom_1539695353436{padding: 20px !important;}\u00a0\u00bb] <h6 style=\"color:#ffffff;padding:px;text-align:;font-size:12px;line-height:12px;letter-spacing: 2px;font-weight:normal\" class=\"  nd_options_text_align_center_responsive nd_options_first_font \">Copyright \u00a9 Executive Travel Maroc 2023.<\/h6> [\/vc_column_inner][vc_column_inner width=\u00a0\u00bb1\/2&Prime; css=\u00a0\u00bb.vc_custom_1539695361705{padding: 20px !important;}\u00a0\u00bb] <h6 style=\"color:#ffffff;padding:px;text-align:right;font-size:12px;line-height:12px;letter-spacing: 2px;font-weight:normal\" class=\"  nd_options_text_align_center_responsive_important nd_options_first_font \"><\/h6> [vc_column_text]<span style=\"color: white;\">Cr\u00e9ation <\/span><a style=\"color: white;\" href=\"https:\/\/sitewebmarrakech.com\" target=\"_blank\" rel=\"noopener\"> Site Web Marrakech <\/a>[\/vc_column_text][\/vc_column_inner][\/vc_row_inner]<div style=\"background-color:;height: 80px\" class=\"nicdark_section  \"><\/div>[\/vc_column][\/vc_row]<\/p>\n","protected":false},"excerpt":{"rendered":"<p>[vc_row full_width=\u00a0\u00bbstretch_row\u00a0\u00bb css=\u00a0\u00bb.vc_custom_1686775021101{background-image: url(https:\/\/executivetravelmaroc.com\/wp-content\/uploads\/2023\/06\/Scenic-Helicopter-Flight-Drink-Stop.jpeg?id=2081) !important;background-position: center !important;background-repeat: no-repeat !important;background-size: cover !important;}\u00a0\u00bb][vc_column css=\u00a0\u00bb.vc_custom_1540217898647{padding-right: 30px !important;padding-left: 30px !important;}\u00a0\u00bb][vc_row_inner][vc_column_inner width=\u00a0\u00bb2\/3&Prime;][\/vc_column_inner][vc_column_inner width=\u00a0\u00bb1\/3&Prime;][\/vc_column_inner][\/vc_row_inner][vc_row_inner css=\u00a0\u00bb.vc_custom_1540301637852{margin-right: 0px !important;margin-left: 0px !important;padding-top: 35px !important;padding-right: 30px !important;padding-bottom: 35px !important;padding-left: 30px !important;background-color: #ffffff !important;}\u00a0\u00bb][vc_column_inner width=\u00a0\u00bb1\/2&Prime; css=\u00a0\u00bb.vc_custom_1540218745910{padding-right: 25px !important;}\u00a0\u00bb][vc_column_text]Votre agence de voyage sp\u00e9cialis\u00e9e dans la location de jet priv\u00e9, limousine et h\u00e9licopt\u00e8re \u00e0 Marrakech.[\/vc_column_text][\/vc_column_inner][vc_column_inner width=\u00a0\u00bb1\/4&Prime;][vc_column_text]\u00a0 Accueil \u00a0 [&hellip;]<\/p>\n","protected":false},"author":1,"featured_media":0,"parent":0,"menu_order":0,"comment_status":"closed","ping_status":"closed","template":"","meta":{"footnotes":""},"class_list":["post-359","page","type-page","status-publish","hentry"],"_links":{"self":[{"href":"https:\/\/executivetravelmaroc.com\/index.php\/wp-json\/wp\/v2\/pages\/359","targetHints":{"allow":["GET"]}}],"collection":[{"href":"https:\/\/executivetravelmaroc.com\/index.php\/wp-json\/wp\/v2\/pages"}],"about":[{"href":"https:\/\/executivetravelmaroc.com\/index.php\/wp-json\/wp\/v2\/types\/page"}],"author":[{"embeddable":true,"href":"https:\/\/executivetravelmaroc.com\/index.php\/wp-json\/wp\/v2\/users\/1"}],"replies":[{"embeddable":true,"href":"https:\/\/executivetravelmaroc.com\/index.php\/wp-json\/wp\/v2\/comments?post=359"}],"version-history":[{"count":19,"href":"https:\/\/executivetravelmaroc.com\/index.php\/wp-json\/wp\/v2\/pages\/359\/revisions"}],"predecessor-version":[{"id":2198,"href":"https:\/\/executivetravelmaroc.com\/index.php\/wp-json\/wp\/v2\/pages\/359\/revisions\/2198"}],"wp:attachment":[{"href":"https:\/\/executivetravelmaroc.com\/index.php\/wp-json\/wp\/v2\/media?parent=359"}],"curies":[{"name":"wp","href":"https:\/\/api.w.org\/{rel}","templated":true}]}}